{"id":274,"date":"2022-01-02T12:48:55","date_gmt":"2022-01-02T12:48:55","guid":{"rendered":"https:\/\/www.ordinace-flora.cz\/?page_id=274"},"modified":"2024-05-09T12:52:04","modified_gmt":"2024-05-09T12:52:04","slug":"cenik","status":"publish","type":"page","link":"https:\/\/www.ordinace-flora.cz\/?page_id=274","title":{"rendered":"Cen\u00edk"},"content":{"rendered":"\n<p><strong>Cen\u00edk v\u00fdkon\u016f nehrazen\u00fdch ze zdravotn\u00edho poji\u0161t\u011bn\u00ed platn\u00fd od 1. kv\u011btna 2024<\/strong><\/p>\n\n\n\n<figure class=\"wp-block-table is-style-regular\"><table><tbody><tr><td class=\"has-text-align-left\" data-align=\"left\">Vy\u0161et\u0159en\u00ed osob bez zdravotn\u00edho poji\u0161t\u011bn\u00ed v \u010cR nebo na vlastn\u00ed \u017e\u00e1dost (v\u010detn\u011b v\u00fdkon\u016f nehrazen\u00fdch ze zdrav. poji\u0161t\u011bn\u00ed &#8211; nap\u0159. p\u0159edopera\u010dn\u00ed vy\u0161et\u0159en\u00ed p\u0159ed plastickou operac\u00ed, UPT, vy\u0161et\u0159en\u00ed na l\u00e1zn\u011b u samopl\u00e1tc\u016f, na lodn\u00ed pr\u016fkaz, prohl\u00eddky pro v\u00fdkon povol\u00e1n\u00ed, sportu, cest do zahrani\u010d\u00ed apod.)<\/td><td><\/td><\/tr><tr><td class=\"has-text-align-left\" data-align=\"left\">\u2022     Komplexn\u00ed vy\u0161et\u0159en\u00ed<\/td><td>800,- K\u010d<\/td><\/tr><tr><td class=\"has-text-align-left\" data-align=\"left\">\u2022     C\u00edlen\u00e9 vy\u0161et\u0159en\u00ed<\/td><td>300,- K\u010d<\/td><\/tr><tr><td class=\"has-text-align-left\" data-align=\"left\">\u2022     Kontroln\u00ed vy\u0161et\u0159en\u00ed<\/td><td>200,- K\u010d<\/td><\/tr><tr><td class=\"has-text-align-left\" data-align=\"left\">\u2022     Vy\u0161et\u0159en\u00ed a vyhodnocen\u00ed EKG<\/td><td>200,- K\u010d<\/td><\/tr><tr><td class=\"has-text-align-left\" data-align=\"left\">\u2022     CRP<\/td><td>200,- K\u010d<\/td><\/tr><tr><td class=\"has-text-align-left\" data-align=\"left\">\u2022     Protrombinov\u00fd \u010das (Quick)<\/td><td>250,- K\u010d<\/td><\/tr><tr><td class=\"has-text-align-left\" data-align=\"left\">\u2022     Streptest<\/td><td>250,- K\u010d<\/td><\/tr><tr><td class=\"has-text-align-left\" data-align=\"left\">\u2022     Stanoven\u00ed glyk\u00e9mie z prstu<\/td><td>50,- K\u010d<\/td><\/tr><tr><td class=\"has-text-align-left\" data-align=\"left\">\u2022     FOB-test (prevence karcinomu tlust\u00e9ho st\u0159eva)<\/td><td>250,- K\u010d<\/td><\/tr><tr><td class=\"has-text-align-left\" data-align=\"left\">\u2022     Aplikace injekce i.m., s.c., i.v.<\/td><td>50,- K\u010d<\/td><\/tr><tr><td class=\"has-text-align-left\" data-align=\"left\">\u2022     Odb\u011br krve<\/td><td>60,- K\u010d<\/td><\/tr><tr><td class=\"has-text-align-left\" data-align=\"left\">&nbsp;<\/td><td>&nbsp;<\/td><\/tr><tr><td class=\"has-text-align-left\" data-align=\"left\">Aplikace o\u010dkovac\u00ed l\u00e1tky nehrazen\u00e9 zdrav. poji\u0161\u0165ovnou<\/td><td>300,- K\u010d<\/td><\/tr><tr><td class=\"has-text-align-left\" data-align=\"left\">Preventivn\u00ed antigenn\u00ed test na Covid-19<\/td><td>200,- K\u010d<\/td><\/tr><tr><td class=\"has-text-align-left\" data-align=\"left\">&nbsp;<\/td><td>&nbsp;<\/td><\/tr><tr><td class=\"has-text-align-left\" data-align=\"left\">Vstupn\u00ed prohl\u00eddka do zam\u011bstn\u00e1n\u00ed<\/td><td>800,- K\u010d<\/td><\/tr><tr><td class=\"has-text-align-left\" data-align=\"left\">Periodick\u00e1 nebo v\u00fdstupn\u00ed prohl\u00eddka do zam\u011bstn\u00e1n\u00ed<\/td><td>600,- K\u010d<\/td><\/tr><tr><td class=\"has-text-align-left\" data-align=\"left\">&nbsp;<\/td><td>&nbsp;<\/td><\/tr><tr><td class=\"has-text-align-left\" data-align=\"left\">Vy\u0161et\u0159en\u00ed pro z\u00edsk\u00e1n\u00ed \u0159idi\u010dsk\u00e9ho pr\u016fkazu (\u0158P)<\/td><td>800,- K\u010d<\/td><\/tr><tr><td class=\"has-text-align-left\" data-align=\"left\">Vy\u0161et\u0159en\u00ed pro \u0158P z profesn\u00edch d\u016fvod\u016f<\/td><td>800,- K\u010d<\/td><\/tr><tr><td class=\"has-text-align-left\" data-align=\"left\">Vy\u0161et\u0159en\u00ed pro roz\u0161\u00ed\u0159en\u00ed \u0158P<\/td><td>500,- K\u010d<\/td><\/tr><tr><td class=\"has-text-align-left\" data-align=\"left\">Kontroln\u00ed vy\u0161et\u0159en\u00ed na \u0158P u osob nad 65 let<\/td><td>500,- K\u010d<\/td><\/tr><tr><td class=\"has-text-align-left\" data-align=\"left\"><br><\/td><td><\/td><\/tr><tr><td class=\"has-text-align-left\" data-align=\"left\">Vy\u0161et\u0159en\u00ed pro zbrojn\u00ed pr\u016fkaz<\/td><td>800,- K\u010d<\/td><\/tr><tr><td class=\"has-text-align-left\" data-align=\"left\">Potvrzen\u00ed pro V\u0160, sportovn\u00ed akce, t\u00e1bor apod.<\/td><td>300,- K\u010d<\/td><\/tr><tr><td class=\"has-text-align-left\" data-align=\"left\">&nbsp;<\/td><td>&nbsp;<\/td><\/tr><tr><td class=\"has-text-align-left\" data-align=\"left\">V\u00fdpis ze zdravotn\u00ed dokumentace STANDARD do 10 prac. dn\u016f<\/td><td>400,- K\u010d<\/td><\/tr><tr><td class=\"has-text-align-left\" data-align=\"left\">V\u00fdpis ze zdravotn\u00ed dokumentace EXPRES do 3 prac. dn\u016f<\/td><td>600,- K\u010d<\/td><\/tr><tr><td class=\"has-text-align-left\" data-align=\"left\">Bodov\u00e9 hodnocen\u00ed a posudek o \u00farazu<\/td><td>500,- K\u010d<\/td><\/tr><tr><td class=\"has-text-align-left\" data-align=\"left\">Vypln\u011bn\u00ed formul\u00e1\u0159e pro komer\u010dn\u00ed poji\u0161\u0165ovnu, \u017e\u00e1dosti do DD nebo \u00daSP apod<\/td><td>500,- K\u010d<\/td><\/tr><tr><td class=\"has-text-align-left\" data-align=\"left\">Potvrzen\u00ed o prod\u011blan\u00e9m onemocn\u011bn\u00ed Covid-19<\/td><td>150,- K\u010d<\/td><\/tr><tr><td class=\"has-text-align-left\" data-align=\"left\">Administrativn\u00ed \u00fakon<\/td><td>200,- K\u010d<\/td><\/tr><tr><td class=\"has-text-align-left\" data-align=\"left\">Vystaven\u00ed duplik\u00e1tu zdrav. posudku<\/td><td>150,- K\u010d<\/td><\/tr><tr><td class=\"has-text-align-left\" data-align=\"left\">&nbsp;<\/td><td>&nbsp;<\/td><\/tr><tr><td class=\"has-text-align-left\" data-align=\"left\">Vy\u0161et\u0159en\u00ed mimo ord. dobu (pouze po p\u0159edchoz\u00ed domluv\u011b) ka\u017ed\u00fdch zapo\u010dat\u00fdch 30 min.<\/td><td>500,- K\u010d<\/td><\/tr><tr><td class=\"has-text-align-left\" data-align=\"left\">Kopie l\u00e9ka\u0159sk\u00e9 dokumentace ka\u017ed\u00fdch zapo\u010dat\u00fdch 30 min.<\/td><td>400,- K\u010d&nbsp;+ 3, K\u010d\/ 1 str. A4&nbsp;<\/td><\/tr><\/tbody><\/table><\/figure>\n\n\n\n<p><\/p>\n\n\n\n<p><\/p>\n\n\n\n<p><\/p>\n\n\n\n<p><\/p>\n\n\n\n<p><\/p>\n","protected":false},"excerpt":{"rendered":"<p>Cen\u00edk v\u00fdkon\u016f nehrazen\u00fdch ze zdravotn\u00edho poji\u0161t\u011bn\u00ed platn\u00fd od 1. kv\u011btna 2024 Vy\u0161et\u0159en\u00ed osob bez zdravotn\u00edho poji\u0161t\u011bn\u00ed v \u010cR nebo na vlastn\u00ed \u017e\u00e1dost (v\u010detn\u011b v\u00fdkon\u016f nehrazen\u00fdch ze zdrav. poji\u0161t\u011bn\u00ed &#8211; nap\u0159. p\u0159edopera\u010dn\u00ed vy\u0161et\u0159en\u00ed p\u0159ed plastickou operac\u00ed, UPT, vy\u0161et\u0159en\u00ed na l\u00e1zn\u011b u samopl\u00e1tc\u016f, na lodn\u00ed pr\u016fkaz, prohl\u00eddky pro v\u00fdkon povol\u00e1n\u00ed, sportu, cest do zahrani\u010d\u00ed apod.) \u2022 Komplexn\u00ed&hellip;&nbsp;<a href=\"https:\/\/www.ordinace-flora.cz\/?page_id=274\" class=\"\" rel=\"bookmark\">\u010c\u00edst d\u00e1le &raquo;<span class=\"screen-reader-text\">Cen\u00edk<\/span><\/a><\/p>\n","protected":false},"author":1,"featured_media":479,"parent":0,"menu_order":0,"comment_status":"closed","ping_status":"closed","template":"","meta":{"neve_meta_sidebar":"","neve_meta_container":"","neve_meta_enable_content_width":"","neve_meta_content_width":0,"neve_meta_title_alignment":"","neve_meta_author_avatar":"","neve_post_elements_order":"","neve_meta_disable_header":"","neve_meta_disable_footer":"","neve_meta_disable_title":"","footnotes":""},"class_list":["post-274","page","type-page","status-publish","has-post-thumbnail","hentry"],"yoast_head":"<!-- This site is optimized with the Yoast SEO plugin v17.8 - https:\/\/yoast.com\/wordpress\/plugins\/seo\/ -->\n<title>Cen\u00edk - Ordinace Flora, s.r.o.<\/title>\n<meta name=\"robots\" content=\"index, follow, max-snippet:-1, max-image-preview:large, max-video-preview:-1\" \/>\n<link rel=\"canonical\" href=\"https:\/\/www.ordinace-flora.cz\/?page_id=274\" \/>\n<meta property=\"og:locale\" content=\"cs_CZ\" \/>\n<meta property=\"og:type\" content=\"article\" \/>\n<meta property=\"og:title\" content=\"Cen\u00edk - Ordinace Flora, s.r.o.\" \/>\n<meta property=\"og:description\" content=\"Cen\u00edk v\u00fdkon\u016f nehrazen\u00fdch ze zdravotn\u00edho poji\u0161t\u011bn\u00ed platn\u00fd od 1. kv\u011btna 2024 Vy\u0161et\u0159en\u00ed osob bez zdravotn\u00edho poji\u0161t\u011bn\u00ed v \u010cR nebo na vlastn\u00ed \u017e\u00e1dost (v\u010detn\u011b v\u00fdkon\u016f nehrazen\u00fdch ze zdrav. poji\u0161t\u011bn\u00ed &#8211; nap\u0159. p\u0159edopera\u010dn\u00ed vy\u0161et\u0159en\u00ed p\u0159ed plastickou operac\u00ed, UPT, vy\u0161et\u0159en\u00ed na l\u00e1zn\u011b u samopl\u00e1tc\u016f, na lodn\u00ed pr\u016fkaz, prohl\u00eddky pro v\u00fdkon povol\u00e1n\u00ed, sportu, cest do zahrani\u010d\u00ed apod.) \u2022 Komplexn\u00ed&hellip;&nbsp;\u010c\u00edst d\u00e1le &raquo;Cen\u00edk\" \/>\n<meta property=\"og:url\" content=\"https:\/\/www.ordinace-flora.cz\/?page_id=274\" \/>\n<meta property=\"og:site_name\" content=\"Ordinace Flora, s.r.o.\" \/>\n<meta property=\"article:modified_time\" content=\"2024-05-09T12:52:04+00:00\" \/>\n<meta property=\"og:image\" content=\"http:\/\/www.ordinace-flora.cz\/wp-content\/uploads\/2022\/05\/Snimek-obrazovky-2022-05-29-v-20.23.24.png\" \/>\n\t<meta property=\"og:image:width\" content=\"2725\" \/>\n\t<meta property=\"og:image:height\" content=\"1717\" \/>\n<meta name=\"twitter:card\" content=\"summary_large_image\" \/>\n<meta name=\"twitter:label1\" content=\"Odhadovan\u00e1 doba \u010dten\u00ed\" \/>\n\t<meta name=\"twitter:data1\" content=\"2 minuty\" \/>\n<script type=\"application\/ld+json\" class=\"yoast-schema-graph\">{\"@context\":\"https:\/\/schema.org\",\"@graph\":[{\"@type\":\"WebSite\",\"@id\":\"https:\/\/www.ordinace-flora.cz\/#website\",\"url\":\"https:\/\/www.ordinace-flora.cz\/\",\"name\":\"Ordinace Flora, s.r.o.\",\"description\":\"\",\"potentialAction\":[{\"@type\":\"SearchAction\",\"target\":{\"@type\":\"EntryPoint\",\"urlTemplate\":\"https:\/\/www.ordinace-flora.cz\/?s={search_term_string}\"},\"query-input\":\"required name=search_term_string\"}],\"inLanguage\":\"cs\"},{\"@type\":\"ImageObject\",\"@id\":\"https:\/\/www.ordinace-flora.cz\/?page_id=274#primaryimage\",\"inLanguage\":\"cs\",\"url\":\"https:\/\/www.ordinace-flora.cz\/wp-content\/uploads\/2022\/05\/Snimek-obrazovky-2022-05-29-v-20.23.24.png\",\"contentUrl\":\"https:\/\/www.ordinace-flora.cz\/wp-content\/uploads\/2022\/05\/Snimek-obrazovky-2022-05-29-v-20.23.24.png\",\"width\":2725,\"height\":1717},{\"@type\":\"WebPage\",\"@id\":\"https:\/\/www.ordinace-flora.cz\/?page_id=274#webpage\",\"url\":\"https:\/\/www.ordinace-flora.cz\/?page_id=274\",\"name\":\"Cen\\u00edk - Ordinace Flora, s.r.o.\",\"isPartOf\":{\"@id\":\"https:\/\/www.ordinace-flora.cz\/#website\"},\"primaryImageOfPage\":{\"@id\":\"https:\/\/www.ordinace-flora.cz\/?page_id=274#primaryimage\"},\"datePublished\":\"2022-01-02T12:48:55+00:00\",\"dateModified\":\"2024-05-09T12:52:04+00:00\",\"breadcrumb\":{\"@id\":\"https:\/\/www.ordinace-flora.cz\/?page_id=274#breadcrumb\"},\"inLanguage\":\"cs\",\"potentialAction\":[{\"@type\":\"ReadAction\",\"target\":[\"https:\/\/www.ordinace-flora.cz\/?page_id=274\"]}]},{\"@type\":\"BreadcrumbList\",\"@id\":\"https:\/\/www.ordinace-flora.cz\/?page_id=274#breadcrumb\",\"itemListElement\":[{\"@type\":\"ListItem\",\"position\":1,\"name\":\"Dom\\u016f\",\"item\":\"https:\/\/www.ordinace-flora.cz\/\"},{\"@type\":\"ListItem\",\"position\":2,\"name\":\"Cen\\u00edk\"}]}]}<\/script>\n<!-- \/ Yoast SEO plugin. -->","yoast_head_json":{"title":"Cen\u00edk - Ordinace Flora, s.r.o.","robots":{"index":"index","follow":"follow","max-snippet":"max-snippet:-1","max-image-preview":"max-image-preview:large","max-video-preview":"max-video-preview:-1"},"canonical":"https:\/\/www.ordinace-flora.cz\/?page_id=274","og_locale":"cs_CZ","og_type":"article","og_title":"Cen\u00edk - Ordinace Flora, s.r.o.","og_description":"Cen\u00edk v\u00fdkon\u016f nehrazen\u00fdch ze zdravotn\u00edho poji\u0161t\u011bn\u00ed platn\u00fd od 1. kv\u011btna 2024 Vy\u0161et\u0159en\u00ed osob bez zdravotn\u00edho poji\u0161t\u011bn\u00ed v \u010cR nebo na vlastn\u00ed \u017e\u00e1dost (v\u010detn\u011b v\u00fdkon\u016f nehrazen\u00fdch ze zdrav. poji\u0161t\u011bn\u00ed &#8211; nap\u0159. p\u0159edopera\u010dn\u00ed vy\u0161et\u0159en\u00ed p\u0159ed plastickou operac\u00ed, UPT, vy\u0161et\u0159en\u00ed na l\u00e1zn\u011b u samopl\u00e1tc\u016f, na lodn\u00ed pr\u016fkaz, prohl\u00eddky pro v\u00fdkon povol\u00e1n\u00ed, sportu, cest do zahrani\u010d\u00ed apod.) \u2022 Komplexn\u00ed&hellip;&nbsp;\u010c\u00edst d\u00e1le &raquo;Cen\u00edk","og_url":"https:\/\/www.ordinace-flora.cz\/?page_id=274","og_site_name":"Ordinace Flora, s.r.o.","article_modified_time":"2024-05-09T12:52:04+00:00","og_image":[{"width":2725,"height":1717,"url":"http:\/\/www.ordinace-flora.cz\/wp-content\/uploads\/2022\/05\/Snimek-obrazovky-2022-05-29-v-20.23.24.png","type":"image\/png"}],"twitter_card":"summary_large_image","twitter_misc":{"Odhadovan\u00e1 doba \u010dten\u00ed":"2 minuty"},"schema":{"@context":"https:\/\/schema.org","@graph":[{"@type":"WebSite","@id":"https:\/\/www.ordinace-flora.cz\/#website","url":"https:\/\/www.ordinace-flora.cz\/","name":"Ordinace Flora, s.r.o.","description":"","potentialAction":[{"@type":"SearchAction","target":{"@type":"EntryPoint","urlTemplate":"https:\/\/www.ordinace-flora.cz\/?s={search_term_string}"},"query-input":"required name=search_term_string"}],"inLanguage":"cs"},{"@type":"ImageObject","@id":"https:\/\/www.ordinace-flora.cz\/?page_id=274#primaryimage","inLanguage":"cs","url":"https:\/\/www.ordinace-flora.cz\/wp-content\/uploads\/2022\/05\/Snimek-obrazovky-2022-05-29-v-20.23.24.png","contentUrl":"https:\/\/www.ordinace-flora.cz\/wp-content\/uploads\/2022\/05\/Snimek-obrazovky-2022-05-29-v-20.23.24.png","width":2725,"height":1717},{"@type":"WebPage","@id":"https:\/\/www.ordinace-flora.cz\/?page_id=274#webpage","url":"https:\/\/www.ordinace-flora.cz\/?page_id=274","name":"Cen\u00edk - Ordinace Flora, s.r.o.","isPartOf":{"@id":"https:\/\/www.ordinace-flora.cz\/#website"},"primaryImageOfPage":{"@id":"https:\/\/www.ordinace-flora.cz\/?page_id=274#primaryimage"},"datePublished":"2022-01-02T12:48:55+00:00","dateModified":"2024-05-09T12:52:04+00:00","breadcrumb":{"@id":"https:\/\/www.ordinace-flora.cz\/?page_id=274#breadcrumb"},"inLanguage":"cs","potentialAction":[{"@type":"ReadAction","target":["https:\/\/www.ordinace-flora.cz\/?page_id=274"]}]},{"@type":"BreadcrumbList","@id":"https:\/\/www.ordinace-flora.cz\/?page_id=274#breadcrumb","itemListElement":[{"@type":"ListItem","position":1,"name":"Dom\u016f","item":"https:\/\/www.ordinace-flora.cz\/"},{"@type":"ListItem","position":2,"name":"Cen\u00edk"}]}]}},"_links":{"self":[{"href":"https:\/\/www.ordinace-flora.cz\/index.php?rest_route=\/wp\/v2\/pages\/274","targetHints":{"allow":["GET"]}}],"collection":[{"href":"https:\/\/www.ordinace-flora.cz\/index.php?rest_route=\/wp\/v2\/pages"}],"about":[{"href":"https:\/\/www.ordinace-flora.cz\/index.php?rest_route=\/wp\/v2\/types\/page"}],"author":[{"embeddable":true,"href":"https:\/\/www.ordinace-flora.cz\/index.php?rest_route=\/wp\/v2\/users\/1"}],"replies":[{"embeddable":true,"href":"https:\/\/www.ordinace-flora.cz\/index.php?rest_route=%2Fwp%2Fv2%2Fcomments&post=274"}],"version-history":[{"count":18,"href":"https:\/\/www.ordinace-flora.cz\/index.php?rest_route=\/wp\/v2\/pages\/274\/revisions"}],"predecessor-version":[{"id":632,"href":"https:\/\/www.ordinace-flora.cz\/index.php?rest_route=\/wp\/v2\/pages\/274\/revisions\/632"}],"wp:featuredmedia":[{"embeddable":true,"href":"https:\/\/www.ordinace-flora.cz\/index.php?rest_route=\/wp\/v2\/media\/479"}],"wp:attachment":[{"href":"https:\/\/www.ordinace-flora.cz\/index.php?rest_route=%2Fwp%2Fv2%2Fmedia&parent=274"}],"curies":[{"name":"wp","href":"https:\/\/api.w.org\/{rel}","templated":true}]}}