{"id":182,"date":"2021-12-29T20:47:29","date_gmt":"2021-12-29T20:47:29","guid":{"rendered":"https:\/\/www.ordinace-flora.cz\/?page_id=182"},"modified":"2026-04-12T17:28:19","modified_gmt":"2026-04-12T17:28:19","slug":"ordinacni-hodiny","status":"publish","type":"page","link":"https:\/\/www.ordinace-flora.cz\/?page_id=182","title":{"rendered":"Ordina\u010dn\u00ed hodiny"},"content":{"rendered":"\n<p>V\u00e1\u017een\u00ed pacienti,<\/p>\n\n\n\n<p>dovolujeme si upozornit, \u017ee v pr\u016fb\u011bhu cel\u00fdch na\u0161ich ordina\u010dn\u00edch hodin budeme o\u0161et\u0159ovat pouze objednan\u00e9 pacienty.<\/p>\n\n\n\n<p>K objedn\u00e1n\u00ed pros\u00edme p\u0159ednostn\u011b vyu\u017e\u00edvejte syst\u00e9m <a href=\"https:\/\/www.sestraemmy.cz\" target=\"_blank\" rel=\"noreferrer noopener\">Sestra Emmy<\/a>, p\u0159\u00edpadn\u011b telefonn\u00ed \u010d\u00edslo sv\u00e9ho o\u0161et\u0159uj\u00edc\u00edho l\u00e9ka\u0159e.<\/p>\n\n\n\n<figure class=\"wp-block-image size-large is-resized\"><img loading=\"lazy\" decoding=\"async\" width=\"1024\" height=\"851\" src=\"http:\/\/www.ordinace-flora.cz\/wp-content\/uploads\/2021\/12\/ordinacni_hodiny-1024x851.png\" alt=\"\" class=\"wp-image-266\" style=\"width:826px;height:auto\" srcset=\"https:\/\/www.ordinace-flora.cz\/wp-content\/uploads\/2021\/12\/ordinacni_hodiny-1024x851.png 1024w, https:\/\/www.ordinace-flora.cz\/wp-content\/uploads\/2021\/12\/ordinacni_hodiny-300x249.png 300w, https:\/\/www.ordinace-flora.cz\/wp-content\/uploads\/2021\/12\/ordinacni_hodiny-768x638.png 768w, https:\/\/www.ordinace-flora.cz\/wp-content\/uploads\/2021\/12\/ordinacni_hodiny.png 1508w\" sizes=\"auto, (max-width: 1024px) 100vw, 1024px\" \/><\/figure>\n\n\n\n<p>Dovolujeme si upozornit, \u017ee prostor \u010dek\u00e1rny je monitorov\u00e1n kamerov\u00fdm syst\u00e9mem.<\/p>\n\n\n\n<p>Kniha EVIDENCE ST\u00cd\u017dNOST\u00cd je k dispozici na po\u017e\u00e1d\u00e1n\u00ed u l\u00e9ka\u0159e.<\/p>\n","protected":false},"excerpt":{"rendered":"<p>V\u00e1\u017een\u00ed pacienti, dovolujeme si upozornit, \u017ee v pr\u016fb\u011bhu cel\u00fdch na\u0161ich ordina\u010dn\u00edch hodin budeme o\u0161et\u0159ovat pouze objednan\u00e9 pacienty. K objedn\u00e1n\u00ed pros\u00edme p\u0159ednostn\u011b vyu\u017e\u00edvejte syst\u00e9m Sestra Emmy, p\u0159\u00edpadn\u011b telefonn\u00ed \u010d\u00edslo sv\u00e9ho o\u0161et\u0159uj\u00edc\u00edho l\u00e9ka\u0159e. Dovolujeme si upozornit, \u017ee prostor \u010dek\u00e1rny je monitorov\u00e1n kamerov\u00fdm syst\u00e9mem. Kniha EVIDENCE ST\u00cd\u017dNOST\u00cd je k dispozici na po\u017e\u00e1d\u00e1n\u00ed u l\u00e9ka\u0159e.<\/p>\n","protected":false},"author":1,"featured_media":0,"parent":0,"menu_order":0,"comment_status":"closed","ping_status":"closed","template":"","meta":{"neve_meta_sidebar":"","neve_meta_container":"","neve_meta_enable_content_width":"","neve_meta_content_width":0,"neve_meta_title_alignment":"","neve_meta_author_avatar":"","neve_post_elements_order":"","neve_meta_disable_header":"","neve_meta_disable_footer":"","neve_meta_disable_title":"","footnotes":""},"class_list":["post-182","page","type-page","status-publish","hentry"],"yoast_head":"<!-- This site is optimized with the Yoast SEO plugin v17.8 - https:\/\/yoast.com\/wordpress\/plugins\/seo\/ -->\n<title>Ordina\u010dn\u00ed hodiny - Ordinace Flora, s.r.o.<\/title>\n<meta name=\"robots\" content=\"index, follow, max-snippet:-1, max-image-preview:large, max-video-preview:-1\" \/>\n<link rel=\"canonical\" href=\"https:\/\/www.ordinace-flora.cz\/?page_id=182\" \/>\n<meta property=\"og:locale\" content=\"cs_CZ\" \/>\n<meta property=\"og:type\" content=\"article\" \/>\n<meta property=\"og:title\" content=\"Ordina\u010dn\u00ed hodiny - Ordinace Flora, s.r.o.\" \/>\n<meta property=\"og:description\" content=\"V\u00e1\u017een\u00ed pacienti, dovolujeme si upozornit, \u017ee v pr\u016fb\u011bhu cel\u00fdch na\u0161ich ordina\u010dn\u00edch hodin budeme o\u0161et\u0159ovat pouze objednan\u00e9 pacienty. K objedn\u00e1n\u00ed pros\u00edme p\u0159ednostn\u011b vyu\u017e\u00edvejte syst\u00e9m Sestra Emmy, p\u0159\u00edpadn\u011b telefonn\u00ed \u010d\u00edslo sv\u00e9ho o\u0161et\u0159uj\u00edc\u00edho l\u00e9ka\u0159e. Dovolujeme si upozornit, \u017ee prostor \u010dek\u00e1rny je monitorov\u00e1n kamerov\u00fdm syst\u00e9mem. Kniha EVIDENCE ST\u00cd\u017dNOST\u00cd je k dispozici na po\u017e\u00e1d\u00e1n\u00ed u l\u00e9ka\u0159e.\" \/>\n<meta property=\"og:url\" content=\"https:\/\/www.ordinace-flora.cz\/?page_id=182\" \/>\n<meta property=\"og:site_name\" content=\"Ordinace Flora, s.r.o.\" \/>\n<meta property=\"article:modified_time\" content=\"2026-04-12T17:28:19+00:00\" \/>\n<meta property=\"og:image\" content=\"http:\/\/www.ordinace-flora.cz\/wp-content\/uploads\/2021\/12\/ordinacni_hodiny-1024x851.png\" \/>\n<meta name=\"twitter:card\" content=\"summary_large_image\" \/>\n<meta name=\"twitter:label1\" content=\"Odhadovan\u00e1 doba \u010dten\u00ed\" \/>\n\t<meta name=\"twitter:data1\" content=\"1 minuta\" \/>\n<script type=\"application\/ld+json\" class=\"yoast-schema-graph\">{\"@context\":\"https:\/\/schema.org\",\"@graph\":[{\"@type\":\"WebSite\",\"@id\":\"https:\/\/www.ordinace-flora.cz\/#website\",\"url\":\"https:\/\/www.ordinace-flora.cz\/\",\"name\":\"Ordinace Flora, s.r.o.\",\"description\":\"\",\"potentialAction\":[{\"@type\":\"SearchAction\",\"target\":{\"@type\":\"EntryPoint\",\"urlTemplate\":\"https:\/\/www.ordinace-flora.cz\/?s={search_term_string}\"},\"query-input\":\"required name=search_term_string\"}],\"inLanguage\":\"cs\"},{\"@type\":\"ImageObject\",\"@id\":\"https:\/\/www.ordinace-flora.cz\/?page_id=182#primaryimage\",\"inLanguage\":\"cs\",\"url\":\"http:\/\/www.ordinace-flora.cz\/wp-content\/uploads\/2021\/12\/ordinacni_hodiny-1024x851.png\",\"contentUrl\":\"http:\/\/www.ordinace-flora.cz\/wp-content\/uploads\/2021\/12\/ordinacni_hodiny-1024x851.png\"},{\"@type\":\"WebPage\",\"@id\":\"https:\/\/www.ordinace-flora.cz\/?page_id=182#webpage\",\"url\":\"https:\/\/www.ordinace-flora.cz\/?page_id=182\",\"name\":\"Ordina\\u010dn\\u00ed hodiny - Ordinace Flora, s.r.o.\",\"isPartOf\":{\"@id\":\"https:\/\/www.ordinace-flora.cz\/#website\"},\"primaryImageOfPage\":{\"@id\":\"https:\/\/www.ordinace-flora.cz\/?page_id=182#primaryimage\"},\"datePublished\":\"2021-12-29T20:47:29+00:00\",\"dateModified\":\"2026-04-12T17:28:19+00:00\",\"breadcrumb\":{\"@id\":\"https:\/\/www.ordinace-flora.cz\/?page_id=182#breadcrumb\"},\"inLanguage\":\"cs\",\"potentialAction\":[{\"@type\":\"ReadAction\",\"target\":[\"https:\/\/www.ordinace-flora.cz\/?page_id=182\"]}]},{\"@type\":\"BreadcrumbList\",\"@id\":\"https:\/\/www.ordinace-flora.cz\/?page_id=182#breadcrumb\",\"itemListElement\":[{\"@type\":\"ListItem\",\"position\":1,\"name\":\"Dom\\u016f\",\"item\":\"https:\/\/www.ordinace-flora.cz\/\"},{\"@type\":\"ListItem\",\"position\":2,\"name\":\"Ordina\\u010dn\\u00ed hodiny\"}]}]}<\/script>\n<!-- \/ Yoast SEO plugin. -->","yoast_head_json":{"title":"Ordina\u010dn\u00ed hodiny - Ordinace Flora, s.r.o.","robots":{"index":"index","follow":"follow","max-snippet":"max-snippet:-1","max-image-preview":"max-image-preview:large","max-video-preview":"max-video-preview:-1"},"canonical":"https:\/\/www.ordinace-flora.cz\/?page_id=182","og_locale":"cs_CZ","og_type":"article","og_title":"Ordina\u010dn\u00ed hodiny - Ordinace Flora, s.r.o.","og_description":"V\u00e1\u017een\u00ed pacienti, dovolujeme si upozornit, \u017ee v pr\u016fb\u011bhu cel\u00fdch na\u0161ich ordina\u010dn\u00edch hodin budeme o\u0161et\u0159ovat pouze objednan\u00e9 pacienty. K objedn\u00e1n\u00ed pros\u00edme p\u0159ednostn\u011b vyu\u017e\u00edvejte syst\u00e9m Sestra Emmy, p\u0159\u00edpadn\u011b telefonn\u00ed \u010d\u00edslo sv\u00e9ho o\u0161et\u0159uj\u00edc\u00edho l\u00e9ka\u0159e. Dovolujeme si upozornit, \u017ee prostor \u010dek\u00e1rny je monitorov\u00e1n kamerov\u00fdm syst\u00e9mem. Kniha EVIDENCE ST\u00cd\u017dNOST\u00cd je k dispozici na po\u017e\u00e1d\u00e1n\u00ed u l\u00e9ka\u0159e.","og_url":"https:\/\/www.ordinace-flora.cz\/?page_id=182","og_site_name":"Ordinace Flora, s.r.o.","article_modified_time":"2026-04-12T17:28:19+00:00","og_image":[{"url":"http:\/\/www.ordinace-flora.cz\/wp-content\/uploads\/2021\/12\/ordinacni_hodiny-1024x851.png"}],"twitter_card":"summary_large_image","twitter_misc":{"Odhadovan\u00e1 doba \u010dten\u00ed":"1 minuta"},"schema":{"@context":"https:\/\/schema.org","@graph":[{"@type":"WebSite","@id":"https:\/\/www.ordinace-flora.cz\/#website","url":"https:\/\/www.ordinace-flora.cz\/","name":"Ordinace Flora, s.r.o.","description":"","potentialAction":[{"@type":"SearchAction","target":{"@type":"EntryPoint","urlTemplate":"https:\/\/www.ordinace-flora.cz\/?s={search_term_string}"},"query-input":"required name=search_term_string"}],"inLanguage":"cs"},{"@type":"ImageObject","@id":"https:\/\/www.ordinace-flora.cz\/?page_id=182#primaryimage","inLanguage":"cs","url":"http:\/\/www.ordinace-flora.cz\/wp-content\/uploads\/2021\/12\/ordinacni_hodiny-1024x851.png","contentUrl":"http:\/\/www.ordinace-flora.cz\/wp-content\/uploads\/2021\/12\/ordinacni_hodiny-1024x851.png"},{"@type":"WebPage","@id":"https:\/\/www.ordinace-flora.cz\/?page_id=182#webpage","url":"https:\/\/www.ordinace-flora.cz\/?page_id=182","name":"Ordina\u010dn\u00ed hodiny - Ordinace Flora, s.r.o.","isPartOf":{"@id":"https:\/\/www.ordinace-flora.cz\/#website"},"primaryImageOfPage":{"@id":"https:\/\/www.ordinace-flora.cz\/?page_id=182#primaryimage"},"datePublished":"2021-12-29T20:47:29+00:00","dateModified":"2026-04-12T17:28:19+00:00","breadcrumb":{"@id":"https:\/\/www.ordinace-flora.cz\/?page_id=182#breadcrumb"},"inLanguage":"cs","potentialAction":[{"@type":"ReadAction","target":["https:\/\/www.ordinace-flora.cz\/?page_id=182"]}]},{"@type":"BreadcrumbList","@id":"https:\/\/www.ordinace-flora.cz\/?page_id=182#breadcrumb","itemListElement":[{"@type":"ListItem","position":1,"name":"Dom\u016f","item":"https:\/\/www.ordinace-flora.cz\/"},{"@type":"ListItem","position":2,"name":"Ordina\u010dn\u00ed hodiny"}]}]}},"_links":{"self":[{"href":"https:\/\/www.ordinace-flora.cz\/index.php?rest_route=\/wp\/v2\/pages\/182","targetHints":{"allow":["GET"]}}],"collection":[{"href":"https:\/\/www.ordinace-flora.cz\/index.php?rest_route=\/wp\/v2\/pages"}],"about":[{"href":"https:\/\/www.ordinace-flora.cz\/index.php?rest_route=\/wp\/v2\/types\/page"}],"author":[{"embeddable":true,"href":"https:\/\/www.ordinace-flora.cz\/index.php?rest_route=\/wp\/v2\/users\/1"}],"replies":[{"embeddable":true,"href":"https:\/\/www.ordinace-flora.cz\/index.php?rest_route=%2Fwp%2Fv2%2Fcomments&post=182"}],"version-history":[{"count":99,"href":"https:\/\/www.ordinace-flora.cz\/index.php?rest_route=\/wp\/v2\/pages\/182\/revisions"}],"predecessor-version":[{"id":775,"href":"https:\/\/www.ordinace-flora.cz\/index.php?rest_route=\/wp\/v2\/pages\/182\/revisions\/775"}],"wp:attachment":[{"href":"https:\/\/www.ordinace-flora.cz\/index.php?rest_route=%2Fwp%2Fv2%2Fmedia&parent=182"}],"curies":[{"name":"wp","href":"https:\/\/api.w.org\/{rel}","templated":true}]}}