{"id":180,"date":"2021-12-29T20:48:23","date_gmt":"2021-12-29T20:48:23","guid":{"rendered":"https:\/\/www.ordinace-flora.cz\/?page_id=180"},"modified":"2021-12-29T21:23:06","modified_gmt":"2021-12-29T21:23:06","slug":"rozsah-preventivnich-prohlidek","status":"publish","type":"page","link":"https:\/\/www.ordinace-flora.cz\/?page_id=180","title":{"rendered":"Rozsah preventivn\u00edch prohl\u00eddek"},"content":{"rendered":"\n<p>V\u0161eobecn\u00e1 preventivn\u00ed prohl\u00eddka se prov\u00e1d\u00ed v\u017edy jednou za 2 roky, zpravidla po uplynut\u00ed 23 m\u011bs\u00edc\u016f po proveden\u00ed posledn\u00ed v\u0161eobecn\u00e9 preventivn\u00ed prohl\u00eddky. Obsahem v\u0161eobecn\u00e9 preventivn\u00ed prohl\u00eddky je:<\/p>\n\n\n\n<ol class=\"wp-block-list\"><li>dopln\u011bn\u00ed anamn\u00e9zy v\u010detn\u011b soci\u00e1ln\u00ed, se zam\u011b\u0159en\u00edm na jej\u00ed zm\u011bny, rizikov\u00e9 faktory a profesn\u00ed rizika; v rodinn\u00e9 anamn\u00e9ze je zvl\u00e1\u0161tn\u00ed d\u016fraz kladen na v\u00fdskyt kardiovaskul\u00e1rn\u00edch onemocn\u011bn\u00ed, v\u00fdskyt hypertenze, diabetes mellitus, poruchy metabolizmu tuk\u016f a n\u00e1dorov\u00fdch onemocn\u011bn\u00ed, a na v\u00fdskyt z\u00e1vislost\u00ed,<\/li><li>kontrola o\u010dkov\u00e1n\u00ed,<\/li><li>kompletn\u00ed fyzik\u00e1ln\u00ed vy\u0161et\u0159en\u00ed v\u010detn\u011b zm\u011b\u0159en\u00ed krevn\u00edho tlaku, zji\u0161t\u011bn\u00ed indexu t\u011blesn\u00e9 hmotnosti a orienta\u010dn\u00edho vy\u0161et\u0159en\u00ed zraku a sluchu; sou\u010d\u00e1st\u00ed v\u0161eobecn\u00e9 preventivn\u00ed prohl\u00eddky je v r\u00e1mci onkologick\u00e9 prevence zhodnocen\u00ed rizik z hlediska anamn\u00e9zy rodinn\u00e9, osobn\u00ed a pracovn\u00ed, vy\u0161et\u0159en\u00ed k\u016f\u017ee a u zji\u0161t\u011bn\u00e9ho podez\u0159en\u00ed na riziko vy\u0161et\u0159en\u00ed per rectum, u mu\u017e\u016f p\u0159i pozitivn\u00ed rodinn\u00e9 anamn\u00e9ze nebo p\u0159i p\u0159\u00edtomnosti jin\u00fdch rizikov\u00fdch faktor\u016f klinick\u00e9 vy\u0161et\u0159en\u00ed varlat, u \u017een od 25 let v\u011bku p\u0159i pozitivn\u00ed rodinn\u00e9 anamn\u00e9ze na d\u011bdi\u010dn\u00fd nebo famili\u00e1rn\u00ed v\u00fdskyt zhoubn\u00e9ho n\u00e1doru prsu nebo p\u0159\u00edtomnosti jin\u00fdch rizikov\u00fdch faktor\u016f klinick\u00e9 vy\u0161et\u0159en\u00ed prs\u016f, a to spolu s pou\u010den\u00edm o samovy\u0161et\u0159ov\u00e1n\u00ed,<\/li><li>vy\u0161et\u0159en\u00ed mo\u010di diagnostick\u00fdm pap\u00edrkem,<\/li><li>kontrola a zhodnocen\u00ed v\u00fdsledk\u016f dal\u0161\u00edch p\u0159edepsan\u00fdch preventivn\u00edch vy\u0161et\u0159en\u00ed, a pokud nebyly v p\u0159edepsan\u00fdch term\u00ednech provedeny, jejich zaji\u0161t\u011bn\u00ed; preventivn\u00edmi vy\u0161et\u0159en\u00edmi jsou:<ul><li>laboratorn\u00ed vy\u0161et\u0159en\u00ed koncentrace celkov\u00e9ho cholesterolu, HDL-cholesterolu, LDL-cholesterolu a triacylglycerol\u016f, a to p\u0159i prvn\u00ed v\u0161eobecn\u00e9 preventivn\u00ed prohl\u00eddce po ukon\u010den\u00ed p\u00e9\u010de u poskytovatele v oboru praktick\u00fd l\u00e9ka\u0159 pro d\u011bti a dorost a d\u00e1le ve 30, 40, 50 a 60 letech v\u011bku,<\/li><li>laboratorn\u00ed vy\u0161et\u0159en\u00ed glykemie p\u0159i prvn\u00ed v\u0161eobecn\u00e9 preventivn\u00ed prohl\u00eddce po ukon\u010den\u00ed p\u00e9\u010de u poskytovatele v oboru praktick\u00fd l\u00e9ka\u0159 pro d\u011bti a dorost a od 40 let v\u011bku ve dvoulet\u00fdch intervalech od posledn\u00edho vy\u0161et\u0159en\u00ed,<\/li><li>vy\u0161et\u0159en\u00ed EKG ve 40 letech v\u011bku, d\u00e1le pak ve \u010dty\u0159let\u00fdch intervalech,<\/li><li>stanoven\u00ed okultn\u00edho krv\u00e1cen\u00ed ve stolici speci\u00e1ln\u00edm testem u osob od 50 let v\u011bku; od 55 let v\u011bku je toto vy\u0161et\u0159en\u00ed mo\u017en\u00e9 nahradit doporu\u010den\u00edm k proveden\u00ed screeningov\u00e9 kolonoskopie jednou za 10 let; jestli\u017ee \u017eena absolvovala vy\u0161et\u0159en\u00ed podle \u00a7 7 p\u00edsm. k) v obdob\u00ed krat\u0161\u00edm ne\u017e uveden\u00e9 intervaly a je k dispozici jeho v\u00fdsledek, vy\u0161et\u0159en\u00ed se nezaji\u0161\u0165uje,<\/li><li>u \u017een od 45 let v\u011bku mamografick\u00e9ho vy\u0161et\u0159en\u00ed z posledn\u00edch 2 let; nen\u00ed-li v\u00fdsledek tohoto vy\u0161et\u0159en\u00ed k dispozici, l\u00e9ka\u0159 doporu\u010d\u00ed proveden\u00ed tohoto vy\u0161et\u0159en\u00ed a nezbytn\u00fdch dopl\u0148uj\u00edc\u00edch vy\u0161et\u0159en\u00ed.<\/li><\/ul><\/li><\/ol>\n","protected":false},"excerpt":{"rendered":"<p>V\u0161eobecn\u00e1 preventivn\u00ed prohl\u00eddka se prov\u00e1d\u00ed v\u017edy jednou za 2 roky, zpravidla po uplynut\u00ed 23 m\u011bs\u00edc\u016f po proveden\u00ed posledn\u00ed v\u0161eobecn\u00e9 preventivn\u00ed prohl\u00eddky. Obsahem v\u0161eobecn\u00e9 preventivn\u00ed prohl\u00eddky je: dopln\u011bn\u00ed anamn\u00e9zy v\u010detn\u011b soci\u00e1ln\u00ed, se zam\u011b\u0159en\u00edm na jej\u00ed zm\u011bny, rizikov\u00e9 faktory a profesn\u00ed rizika; v rodinn\u00e9 anamn\u00e9ze je zvl\u00e1\u0161tn\u00ed d\u016fraz kladen na v\u00fdskyt kardiovaskul\u00e1rn\u00edch onemocn\u011bn\u00ed, v\u00fdskyt hypertenze, diabetes mellitus,&hellip;&nbsp;<a href=\"https:\/\/www.ordinace-flora.cz\/?page_id=180\" class=\"\" rel=\"bookmark\">\u010c\u00edst d\u00e1le &raquo;<span class=\"screen-reader-text\">Rozsah preventivn\u00edch prohl\u00eddek<\/span><\/a><\/p>\n","protected":false},"author":1,"featured_media":0,"parent":0,"menu_order":0,"comment_status":"closed","ping_status":"closed","template":"","meta":{"neve_meta_sidebar":"","neve_meta_container":"","neve_meta_enable_content_width":"","neve_meta_content_width":0,"neve_meta_title_alignment":"","neve_meta_author_avatar":"","neve_post_elements_order":"","neve_meta_disable_header":"","neve_meta_disable_footer":"","neve_meta_disable_title":"","footnotes":""},"class_list":["post-180","page","type-page","status-publish","hentry"],"yoast_head":"<!-- This site is optimized with the Yoast SEO plugin v17.8 - https:\/\/yoast.com\/wordpress\/plugins\/seo\/ -->\n<title>Rozsah preventivn\u00edch prohl\u00eddek - Ordinace Flora, s.r.o.<\/title>\n<meta name=\"robots\" content=\"index, follow, max-snippet:-1, max-image-preview:large, max-video-preview:-1\" \/>\n<link rel=\"canonical\" href=\"https:\/\/www.ordinace-flora.cz\/?page_id=180\" \/>\n<meta property=\"og:locale\" content=\"cs_CZ\" \/>\n<meta property=\"og:type\" content=\"article\" \/>\n<meta property=\"og:title\" content=\"Rozsah preventivn\u00edch prohl\u00eddek - Ordinace Flora, s.r.o.\" \/>\n<meta property=\"og:description\" content=\"V\u0161eobecn\u00e1 preventivn\u00ed prohl\u00eddka se prov\u00e1d\u00ed v\u017edy jednou za 2 roky, zpravidla po uplynut\u00ed 23 m\u011bs\u00edc\u016f po proveden\u00ed posledn\u00ed v\u0161eobecn\u00e9 preventivn\u00ed prohl\u00eddky. Obsahem v\u0161eobecn\u00e9 preventivn\u00ed prohl\u00eddky je: dopln\u011bn\u00ed anamn\u00e9zy v\u010detn\u011b soci\u00e1ln\u00ed, se zam\u011b\u0159en\u00edm na jej\u00ed zm\u011bny, rizikov\u00e9 faktory a profesn\u00ed rizika; v rodinn\u00e9 anamn\u00e9ze je zvl\u00e1\u0161tn\u00ed d\u016fraz kladen na v\u00fdskyt kardiovaskul\u00e1rn\u00edch onemocn\u011bn\u00ed, v\u00fdskyt hypertenze, diabetes mellitus,&hellip;&nbsp;\u010c\u00edst d\u00e1le &raquo;Rozsah preventivn\u00edch prohl\u00eddek\" \/>\n<meta property=\"og:url\" content=\"https:\/\/www.ordinace-flora.cz\/?page_id=180\" \/>\n<meta property=\"og:site_name\" content=\"Ordinace Flora, s.r.o.\" \/>\n<meta property=\"article:modified_time\" content=\"2021-12-29T21:23:06+00:00\" \/>\n<meta name=\"twitter:card\" content=\"summary_large_image\" \/>\n<meta name=\"twitter:label1\" content=\"Odhadovan\u00e1 doba \u010dten\u00ed\" \/>\n\t<meta name=\"twitter:data1\" content=\"3 minuty\" \/>\n<script type=\"application\/ld+json\" class=\"yoast-schema-graph\">{\"@context\":\"https:\/\/schema.org\",\"@graph\":[{\"@type\":\"WebSite\",\"@id\":\"https:\/\/www.ordinace-flora.cz\/#website\",\"url\":\"https:\/\/www.ordinace-flora.cz\/\",\"name\":\"Ordinace Flora, s.r.o.\",\"description\":\"\",\"potentialAction\":[{\"@type\":\"SearchAction\",\"target\":{\"@type\":\"EntryPoint\",\"urlTemplate\":\"https:\/\/www.ordinace-flora.cz\/?s={search_term_string}\"},\"query-input\":\"required name=search_term_string\"}],\"inLanguage\":\"cs\"},{\"@type\":\"WebPage\",\"@id\":\"https:\/\/www.ordinace-flora.cz\/?page_id=180#webpage\",\"url\":\"https:\/\/www.ordinace-flora.cz\/?page_id=180\",\"name\":\"Rozsah preventivn\\u00edch prohl\\u00eddek - Ordinace Flora, s.r.o.\",\"isPartOf\":{\"@id\":\"https:\/\/www.ordinace-flora.cz\/#website\"},\"datePublished\":\"2021-12-29T20:48:23+00:00\",\"dateModified\":\"2021-12-29T21:23:06+00:00\",\"breadcrumb\":{\"@id\":\"https:\/\/www.ordinace-flora.cz\/?page_id=180#breadcrumb\"},\"inLanguage\":\"cs\",\"potentialAction\":[{\"@type\":\"ReadAction\",\"target\":[\"https:\/\/www.ordinace-flora.cz\/?page_id=180\"]}]},{\"@type\":\"BreadcrumbList\",\"@id\":\"https:\/\/www.ordinace-flora.cz\/?page_id=180#breadcrumb\",\"itemListElement\":[{\"@type\":\"ListItem\",\"position\":1,\"name\":\"Dom\\u016f\",\"item\":\"https:\/\/www.ordinace-flora.cz\/\"},{\"@type\":\"ListItem\",\"position\":2,\"name\":\"Rozsah preventivn\\u00edch prohl\\u00eddek\"}]}]}<\/script>\n<!-- \/ Yoast SEO plugin. -->","yoast_head_json":{"title":"Rozsah preventivn\u00edch prohl\u00eddek - Ordinace Flora, s.r.o.","robots":{"index":"index","follow":"follow","max-snippet":"max-snippet:-1","max-image-preview":"max-image-preview:large","max-video-preview":"max-video-preview:-1"},"canonical":"https:\/\/www.ordinace-flora.cz\/?page_id=180","og_locale":"cs_CZ","og_type":"article","og_title":"Rozsah preventivn\u00edch prohl\u00eddek - Ordinace Flora, s.r.o.","og_description":"V\u0161eobecn\u00e1 preventivn\u00ed prohl\u00eddka se prov\u00e1d\u00ed v\u017edy jednou za 2 roky, zpravidla po uplynut\u00ed 23 m\u011bs\u00edc\u016f po proveden\u00ed posledn\u00ed v\u0161eobecn\u00e9 preventivn\u00ed prohl\u00eddky. Obsahem v\u0161eobecn\u00e9 preventivn\u00ed prohl\u00eddky je: dopln\u011bn\u00ed anamn\u00e9zy v\u010detn\u011b soci\u00e1ln\u00ed, se zam\u011b\u0159en\u00edm na jej\u00ed zm\u011bny, rizikov\u00e9 faktory a profesn\u00ed rizika; v rodinn\u00e9 anamn\u00e9ze je zvl\u00e1\u0161tn\u00ed d\u016fraz kladen na v\u00fdskyt kardiovaskul\u00e1rn\u00edch onemocn\u011bn\u00ed, v\u00fdskyt hypertenze, diabetes mellitus,&hellip;&nbsp;\u010c\u00edst d\u00e1le &raquo;Rozsah preventivn\u00edch prohl\u00eddek","og_url":"https:\/\/www.ordinace-flora.cz\/?page_id=180","og_site_name":"Ordinace Flora, s.r.o.","article_modified_time":"2021-12-29T21:23:06+00:00","twitter_card":"summary_large_image","twitter_misc":{"Odhadovan\u00e1 doba \u010dten\u00ed":"3 minuty"},"schema":{"@context":"https:\/\/schema.org","@graph":[{"@type":"WebSite","@id":"https:\/\/www.ordinace-flora.cz\/#website","url":"https:\/\/www.ordinace-flora.cz\/","name":"Ordinace Flora, s.r.o.","description":"","potentialAction":[{"@type":"SearchAction","target":{"@type":"EntryPoint","urlTemplate":"https:\/\/www.ordinace-flora.cz\/?s={search_term_string}"},"query-input":"required name=search_term_string"}],"inLanguage":"cs"},{"@type":"WebPage","@id":"https:\/\/www.ordinace-flora.cz\/?page_id=180#webpage","url":"https:\/\/www.ordinace-flora.cz\/?page_id=180","name":"Rozsah preventivn\u00edch prohl\u00eddek - Ordinace Flora, s.r.o.","isPartOf":{"@id":"https:\/\/www.ordinace-flora.cz\/#website"},"datePublished":"2021-12-29T20:48:23+00:00","dateModified":"2021-12-29T21:23:06+00:00","breadcrumb":{"@id":"https:\/\/www.ordinace-flora.cz\/?page_id=180#breadcrumb"},"inLanguage":"cs","potentialAction":[{"@type":"ReadAction","target":["https:\/\/www.ordinace-flora.cz\/?page_id=180"]}]},{"@type":"BreadcrumbList","@id":"https:\/\/www.ordinace-flora.cz\/?page_id=180#breadcrumb","itemListElement":[{"@type":"ListItem","position":1,"name":"Dom\u016f","item":"https:\/\/www.ordinace-flora.cz\/"},{"@type":"ListItem","position":2,"name":"Rozsah preventivn\u00edch prohl\u00eddek"}]}]}},"_links":{"self":[{"href":"https:\/\/www.ordinace-flora.cz\/index.php?rest_route=\/wp\/v2\/pages\/180","targetHints":{"allow":["GET"]}}],"collection":[{"href":"https:\/\/www.ordinace-flora.cz\/index.php?rest_route=\/wp\/v2\/pages"}],"about":[{"href":"https:\/\/www.ordinace-flora.cz\/index.php?rest_route=\/wp\/v2\/types\/page"}],"author":[{"embeddable":true,"href":"https:\/\/www.ordinace-flora.cz\/index.php?rest_route=\/wp\/v2\/users\/1"}],"replies":[{"embeddable":true,"href":"https:\/\/www.ordinace-flora.cz\/index.php?rest_route=%2Fwp%2Fv2%2Fcomments&post=180"}],"version-history":[{"count":2,"href":"https:\/\/www.ordinace-flora.cz\/index.php?rest_route=\/wp\/v2\/pages\/180\/revisions"}],"predecessor-version":[{"id":211,"href":"https:\/\/www.ordinace-flora.cz\/index.php?rest_route=\/wp\/v2\/pages\/180\/revisions\/211"}],"wp:attachment":[{"href":"https:\/\/www.ordinace-flora.cz\/index.php?rest_route=%2Fwp%2Fv2%2Fmedia&parent=180"}],"curies":[{"name":"wp","href":"https:\/\/api.w.org\/{rel}","templated":true}]}}