{"id":147,"date":"2021-12-29T19:51:13","date_gmt":"2021-12-29T19:51:13","guid":{"rendered":"https:\/\/www.ordinace-flora.cz\/?page_id=147"},"modified":"2022-01-09T10:47:27","modified_gmt":"2022-01-09T10:47:27","slug":"kontakt","status":"publish","type":"page","link":"https:\/\/www.ordinace-flora.cz\/?page_id=147","title":{"rendered":"Kontakty"},"content":{"rendered":"\n<p><strong>Ordinace Flora, s.r.o. (I\u010c: 25789562)<\/strong><\/p>\n\n\n\n<p>Jednatel\u00e9: MUDr. Kate\u0159ina Br\u00e1nikov\u00e1 a MUDr. Petra \u0160krnov\u00e1<\/p>\n\n\n\n<figure class=\"wp-block-table\"><table><tbody><tr><td>Telefon:<\/td><td>+420 235 323 038 MUDr. Br\u00e1nikov\u00e1 <br>+420 266 310 429 MUDr. \u0160krnov\u00e1<\/td><\/tr><tr><td>E-mail:<\/td><td><a href=\"mailto:ordinaceflora@seznam.cz\">ordinaceflora@seznam.cz<\/a><\/td><\/tr><tr><td>Adresa:<\/td><td>U Zelen\u00e9ho pt\u00e1ka 1161\/11 148 00 Praha 4<\/td><\/tr><\/tbody><\/table><\/figure>\n\n\n\n<p>Objedn\u00e1v\u00e1n\u00ed k vy\u0161et\u0159en\u00ed na <a href=\"http:\/\/www.sestraemmy.cz\/\"><strong>www.sestraemmy.cz<\/strong><\/a> nebo na telefonn\u00edm \u010d\u00edsle u sestry sv\u00e9ho o\u0161et\u0159uj\u00edc\u00edho l\u00e9ka\u0159e &#8211; viz na\u0161e ordina\u010dn\u00ed hodiny<\/p>\n","protected":false},"excerpt":{"rendered":"<p>Ordinace Flora, s.r.o. (I\u010c: 25789562) Jednatel\u00e9: MUDr. Kate\u0159ina Br\u00e1nikov\u00e1 a MUDr. Petra \u0160krnov\u00e1 Telefon: +420 235 323 038 MUDr. Br\u00e1nikov\u00e1 +420 266 310 429 MUDr. \u0160krnov\u00e1 E-mail: ordinaceflora@seznam.cz Adresa: U Zelen\u00e9ho pt\u00e1ka 1161\/11 148 00 Praha 4 Objedn\u00e1v\u00e1n\u00ed k vy\u0161et\u0159en\u00ed na www.sestraemmy.cz nebo na telefonn\u00edm \u010d\u00edsle u sestry sv\u00e9ho o\u0161et\u0159uj\u00edc\u00edho l\u00e9ka\u0159e &#8211; viz na\u0161e ordina\u010dn\u00ed&hellip;&nbsp;<a href=\"https:\/\/www.ordinace-flora.cz\/?page_id=147\" class=\"\" rel=\"bookmark\">\u010c\u00edst d\u00e1le &raquo;<span class=\"screen-reader-text\">Kontakty<\/span><\/a><\/p>\n","protected":false},"author":1,"featured_media":0,"parent":0,"menu_order":0,"comment_status":"closed","ping_status":"closed","template":"","meta":{"neve_meta_sidebar":"","neve_meta_container":"","neve_meta_enable_content_width":"","neve_meta_content_width":0,"neve_meta_title_alignment":"","neve_meta_author_avatar":"","neve_post_elements_order":"","neve_meta_disable_header":"","neve_meta_disable_footer":"","neve_meta_disable_title":"","footnotes":""},"class_list":["post-147","page","type-page","status-publish","hentry"],"yoast_head":"<!-- This site is optimized with the Yoast SEO plugin v17.8 - https:\/\/yoast.com\/wordpress\/plugins\/seo\/ -->\n<title>Kontakty - Ordinace Flora, s.r.o.<\/title>\n<meta name=\"robots\" content=\"index, follow, max-snippet:-1, max-image-preview:large, max-video-preview:-1\" \/>\n<link rel=\"canonical\" href=\"https:\/\/www.ordinace-flora.cz\/?page_id=147\" \/>\n<meta property=\"og:locale\" content=\"cs_CZ\" \/>\n<meta property=\"og:type\" content=\"article\" \/>\n<meta property=\"og:title\" content=\"Kontakty - Ordinace Flora, s.r.o.\" \/>\n<meta property=\"og:description\" content=\"Ordinace Flora, s.r.o. (I\u010c: 25789562) Jednatel\u00e9: MUDr. Kate\u0159ina Br\u00e1nikov\u00e1 a MUDr. Petra \u0160krnov\u00e1 Telefon: +420 235 323 038 MUDr. Br\u00e1nikov\u00e1 +420 266 310 429 MUDr. \u0160krnov\u00e1 E-mail: ordinaceflora@seznam.cz Adresa: U Zelen\u00e9ho pt\u00e1ka 1161\/11 148 00 Praha 4 Objedn\u00e1v\u00e1n\u00ed k vy\u0161et\u0159en\u00ed na www.sestraemmy.cz nebo na telefonn\u00edm \u010d\u00edsle u sestry sv\u00e9ho o\u0161et\u0159uj\u00edc\u00edho l\u00e9ka\u0159e &#8211; viz na\u0161e ordina\u010dn\u00ed&hellip;&nbsp;\u010c\u00edst d\u00e1le &raquo;Kontakty\" \/>\n<meta property=\"og:url\" content=\"https:\/\/www.ordinace-flora.cz\/?page_id=147\" \/>\n<meta property=\"og:site_name\" content=\"Ordinace Flora, s.r.o.\" \/>\n<meta property=\"article:modified_time\" content=\"2022-01-09T10:47:27+00:00\" \/>\n<meta name=\"twitter:card\" content=\"summary_large_image\" \/>\n<meta name=\"twitter:label1\" content=\"Odhadovan\u00e1 doba \u010dten\u00ed\" \/>\n\t<meta name=\"twitter:data1\" content=\"1 minuta\" \/>\n<script type=\"application\/ld+json\" class=\"yoast-schema-graph\">{\"@context\":\"https:\/\/schema.org\",\"@graph\":[{\"@type\":\"WebSite\",\"@id\":\"https:\/\/www.ordinace-flora.cz\/#website\",\"url\":\"https:\/\/www.ordinace-flora.cz\/\",\"name\":\"Ordinace Flora, s.r.o.\",\"description\":\"\",\"potentialAction\":[{\"@type\":\"SearchAction\",\"target\":{\"@type\":\"EntryPoint\",\"urlTemplate\":\"https:\/\/www.ordinace-flora.cz\/?s={search_term_string}\"},\"query-input\":\"required name=search_term_string\"}],\"inLanguage\":\"cs\"},{\"@type\":\"WebPage\",\"@id\":\"https:\/\/www.ordinace-flora.cz\/?page_id=147#webpage\",\"url\":\"https:\/\/www.ordinace-flora.cz\/?page_id=147\",\"name\":\"Kontakty - Ordinace Flora, s.r.o.\",\"isPartOf\":{\"@id\":\"https:\/\/www.ordinace-flora.cz\/#website\"},\"datePublished\":\"2021-12-29T19:51:13+00:00\",\"dateModified\":\"2022-01-09T10:47:27+00:00\",\"breadcrumb\":{\"@id\":\"https:\/\/www.ordinace-flora.cz\/?page_id=147#breadcrumb\"},\"inLanguage\":\"cs\",\"potentialAction\":[{\"@type\":\"ReadAction\",\"target\":[\"https:\/\/www.ordinace-flora.cz\/?page_id=147\"]}]},{\"@type\":\"BreadcrumbList\",\"@id\":\"https:\/\/www.ordinace-flora.cz\/?page_id=147#breadcrumb\",\"itemListElement\":[{\"@type\":\"ListItem\",\"position\":1,\"name\":\"Dom\\u016f\",\"item\":\"https:\/\/www.ordinace-flora.cz\/\"},{\"@type\":\"ListItem\",\"position\":2,\"name\":\"Kontakty\"}]}]}<\/script>\n<!-- \/ Yoast SEO plugin. -->","yoast_head_json":{"title":"Kontakty - Ordinace Flora, s.r.o.","robots":{"index":"index","follow":"follow","max-snippet":"max-snippet:-1","max-image-preview":"max-image-preview:large","max-video-preview":"max-video-preview:-1"},"canonical":"https:\/\/www.ordinace-flora.cz\/?page_id=147","og_locale":"cs_CZ","og_type":"article","og_title":"Kontakty - Ordinace Flora, s.r.o.","og_description":"Ordinace Flora, s.r.o. (I\u010c: 25789562) Jednatel\u00e9: MUDr. Kate\u0159ina Br\u00e1nikov\u00e1 a MUDr. Petra \u0160krnov\u00e1 Telefon: +420 235 323 038 MUDr. Br\u00e1nikov\u00e1 +420 266 310 429 MUDr. \u0160krnov\u00e1 E-mail: ordinaceflora@seznam.cz Adresa: U Zelen\u00e9ho pt\u00e1ka 1161\/11 148 00 Praha 4 Objedn\u00e1v\u00e1n\u00ed k vy\u0161et\u0159en\u00ed na www.sestraemmy.cz nebo na telefonn\u00edm \u010d\u00edsle u sestry sv\u00e9ho o\u0161et\u0159uj\u00edc\u00edho l\u00e9ka\u0159e &#8211; viz na\u0161e ordina\u010dn\u00ed&hellip;&nbsp;\u010c\u00edst d\u00e1le &raquo;Kontakty","og_url":"https:\/\/www.ordinace-flora.cz\/?page_id=147","og_site_name":"Ordinace Flora, s.r.o.","article_modified_time":"2022-01-09T10:47:27+00:00","twitter_card":"summary_large_image","twitter_misc":{"Odhadovan\u00e1 doba \u010dten\u00ed":"1 minuta"},"schema":{"@context":"https:\/\/schema.org","@graph":[{"@type":"WebSite","@id":"https:\/\/www.ordinace-flora.cz\/#website","url":"https:\/\/www.ordinace-flora.cz\/","name":"Ordinace Flora, s.r.o.","description":"","potentialAction":[{"@type":"SearchAction","target":{"@type":"EntryPoint","urlTemplate":"https:\/\/www.ordinace-flora.cz\/?s={search_term_string}"},"query-input":"required name=search_term_string"}],"inLanguage":"cs"},{"@type":"WebPage","@id":"https:\/\/www.ordinace-flora.cz\/?page_id=147#webpage","url":"https:\/\/www.ordinace-flora.cz\/?page_id=147","name":"Kontakty - Ordinace Flora, s.r.o.","isPartOf":{"@id":"https:\/\/www.ordinace-flora.cz\/#website"},"datePublished":"2021-12-29T19:51:13+00:00","dateModified":"2022-01-09T10:47:27+00:00","breadcrumb":{"@id":"https:\/\/www.ordinace-flora.cz\/?page_id=147#breadcrumb"},"inLanguage":"cs","potentialAction":[{"@type":"ReadAction","target":["https:\/\/www.ordinace-flora.cz\/?page_id=147"]}]},{"@type":"BreadcrumbList","@id":"https:\/\/www.ordinace-flora.cz\/?page_id=147#breadcrumb","itemListElement":[{"@type":"ListItem","position":1,"name":"Dom\u016f","item":"https:\/\/www.ordinace-flora.cz\/"},{"@type":"ListItem","position":2,"name":"Kontakty"}]}]}},"_links":{"self":[{"href":"https:\/\/www.ordinace-flora.cz\/index.php?rest_route=\/wp\/v2\/pages\/147","targetHints":{"allow":["GET"]}}],"collection":[{"href":"https:\/\/www.ordinace-flora.cz\/index.php?rest_route=\/wp\/v2\/pages"}],"about":[{"href":"https:\/\/www.ordinace-flora.cz\/index.php?rest_route=\/wp\/v2\/types\/page"}],"author":[{"embeddable":true,"href":"https:\/\/www.ordinace-flora.cz\/index.php?rest_route=\/wp\/v2\/users\/1"}],"replies":[{"embeddable":true,"href":"https:\/\/www.ordinace-flora.cz\/index.php?rest_route=%2Fwp%2Fv2%2Fcomments&post=147"}],"version-history":[{"count":6,"href":"https:\/\/www.ordinace-flora.cz\/index.php?rest_route=\/wp\/v2\/pages\/147\/revisions"}],"predecessor-version":[{"id":379,"href":"https:\/\/www.ordinace-flora.cz\/index.php?rest_route=\/wp\/v2\/pages\/147\/revisions\/379"}],"wp:attachment":[{"href":"https:\/\/www.ordinace-flora.cz\/index.php?rest_route=%2Fwp%2Fv2%2Fmedia&parent=147"}],"curies":[{"name":"wp","href":"https:\/\/api.w.org\/{rel}","templated":true}]}}