{"id":146,"date":"2021-12-29T19:51:13","date_gmt":"2021-12-29T19:51:13","guid":{"rendered":"https:\/\/www.ordinace-flora.cz\/?page_id=146"},"modified":"2021-12-29T20:03:56","modified_gmt":"2021-12-29T20:03:56","slug":"o-nas","status":"publish","type":"page","link":"https:\/\/www.ordinace-flora.cz\/?page_id=146","title":{"rendered":"O n\u00e1s"},"content":{"rendered":"\n<p>Ordinace Flora s.r.o. je zdravotnick\u00e9 za\u0159\u00edzen\u00ed v oboru V\u0161eobecn\u00e9 praktick\u00e9 l\u00e9ka\u0159stv\u00ed.<\/p>\n\n\n\n<p>L\u00e9ka\u0159i:<\/p>\n\n\n\n<ul class=\"wp-block-list\"><li><strong>MUDr. Kate\u0159ina Br\u00e1nikov\u00e1<\/strong><\/li><li><strong>MUDr. Petra \u0160krnov\u00e1<\/strong><\/li><li><strong>MUDr. Ji\u0159\u00ed \u0160alansk\u00fd<\/strong><\/li><li><strong>MUDr. Marie Hrab\u011btov\u00e1 (z\u00e1stupy)<\/strong><\/li><\/ul>\n\n\n\n<p>Zdravotn\u00ed sestry:<\/p>\n\n\n\n<ul class=\"wp-block-list\"><li>Veronika Proch\u00e1zkov\u00e1<\/li><li>Veronika Prok\u016fpkov\u00e1<\/li><\/ul>\n\n\n\n<p>Partnersk\u00e9 poji\u0161\u0165ovny<\/p>\n\n\n\n<p>Jsme smluvn\u00edmi partnery t\u011bchto zdravotn\u00edch poji\u0161\u0165oven:<\/p>\n\n\n\n<ul class=\"wp-block-list\"><li>111 \u2013 VZP<\/li><li>201 \u2013 VOZP<\/li><li>205 \u2013 \u010cPZP<\/li><li>207 \u2013 OZP<\/li><li>211 &#8211; ZPMV<\/li><\/ul>\n\n\n\n<p><\/p>\n","protected":false},"excerpt":{"rendered":"<p>Ordinace Flora s.r.o. je zdravotnick\u00e9 za\u0159\u00edzen\u00ed v oboru V\u0161eobecn\u00e9 praktick\u00e9 l\u00e9ka\u0159stv\u00ed. L\u00e9ka\u0159i: MUDr. Kate\u0159ina Br\u00e1nikov\u00e1 MUDr. Petra \u0160krnov\u00e1 MUDr. Ji\u0159\u00ed \u0160alansk\u00fd MUDr. Marie Hrab\u011btov\u00e1 (z\u00e1stupy) Zdravotn\u00ed sestry: Veronika Proch\u00e1zkov\u00e1 Veronika Prok\u016fpkov\u00e1 Partnersk\u00e9 poji\u0161\u0165ovny Jsme smluvn\u00edmi partnery t\u011bchto zdravotn\u00edch poji\u0161\u0165oven: 111 \u2013 VZP 201 \u2013 VOZP 205 \u2013 \u010cPZP 207 \u2013 OZP 211 &#8211; ZPMV<\/p>\n","protected":false},"author":1,"featured_media":0,"parent":0,"menu_order":0,"comment_status":"closed","ping_status":"closed","template":"","meta":{"neve_meta_sidebar":"","neve_meta_container":"","neve_meta_enable_content_width":"","neve_meta_content_width":0,"neve_meta_title_alignment":"","neve_meta_author_avatar":"","neve_post_elements_order":"","neve_meta_disable_header":"","neve_meta_disable_footer":"","neve_meta_disable_title":"","footnotes":""},"class_list":["post-146","page","type-page","status-publish","hentry"],"yoast_head":"<!-- This site is optimized with the Yoast SEO plugin v17.8 - https:\/\/yoast.com\/wordpress\/plugins\/seo\/ -->\n<title>O n\u00e1s - Ordinace Flora, s.r.o.<\/title>\n<meta name=\"robots\" content=\"index, follow, max-snippet:-1, max-image-preview:large, max-video-preview:-1\" \/>\n<link rel=\"canonical\" href=\"https:\/\/www.ordinace-flora.cz\/?page_id=146\" \/>\n<meta property=\"og:locale\" content=\"cs_CZ\" \/>\n<meta property=\"og:type\" content=\"article\" \/>\n<meta property=\"og:title\" content=\"O n\u00e1s - Ordinace Flora, s.r.o.\" \/>\n<meta property=\"og:description\" content=\"Ordinace Flora s.r.o. je zdravotnick\u00e9 za\u0159\u00edzen\u00ed v oboru V\u0161eobecn\u00e9 praktick\u00e9 l\u00e9ka\u0159stv\u00ed. L\u00e9ka\u0159i: MUDr. Kate\u0159ina Br\u00e1nikov\u00e1 MUDr. Petra \u0160krnov\u00e1 MUDr. Ji\u0159\u00ed \u0160alansk\u00fd MUDr. Marie Hrab\u011btov\u00e1 (z\u00e1stupy) Zdravotn\u00ed sestry: Veronika Proch\u00e1zkov\u00e1 Veronika Prok\u016fpkov\u00e1 Partnersk\u00e9 poji\u0161\u0165ovny Jsme smluvn\u00edmi partnery t\u011bchto zdravotn\u00edch poji\u0161\u0165oven: 111 \u2013 VZP 201 \u2013 VOZP 205 \u2013 \u010cPZP 207 \u2013 OZP 211 &#8211; ZPMV\" \/>\n<meta property=\"og:url\" content=\"https:\/\/www.ordinace-flora.cz\/?page_id=146\" \/>\n<meta property=\"og:site_name\" content=\"Ordinace Flora, s.r.o.\" \/>\n<meta property=\"article:modified_time\" content=\"2021-12-29T20:03:56+00:00\" \/>\n<meta name=\"twitter:card\" content=\"summary_large_image\" \/>\n<script type=\"application\/ld+json\" class=\"yoast-schema-graph\">{\"@context\":\"https:\/\/schema.org\",\"@graph\":[{\"@type\":\"WebSite\",\"@id\":\"https:\/\/www.ordinace-flora.cz\/#website\",\"url\":\"https:\/\/www.ordinace-flora.cz\/\",\"name\":\"Ordinace Flora, s.r.o.\",\"description\":\"\",\"potentialAction\":[{\"@type\":\"SearchAction\",\"target\":{\"@type\":\"EntryPoint\",\"urlTemplate\":\"https:\/\/www.ordinace-flora.cz\/?s={search_term_string}\"},\"query-input\":\"required name=search_term_string\"}],\"inLanguage\":\"cs\"},{\"@type\":\"WebPage\",\"@id\":\"https:\/\/www.ordinace-flora.cz\/?page_id=146#webpage\",\"url\":\"https:\/\/www.ordinace-flora.cz\/?page_id=146\",\"name\":\"O n\\u00e1s - Ordinace Flora, s.r.o.\",\"isPartOf\":{\"@id\":\"https:\/\/www.ordinace-flora.cz\/#website\"},\"datePublished\":\"2021-12-29T19:51:13+00:00\",\"dateModified\":\"2021-12-29T20:03:56+00:00\",\"breadcrumb\":{\"@id\":\"https:\/\/www.ordinace-flora.cz\/?page_id=146#breadcrumb\"},\"inLanguage\":\"cs\",\"potentialAction\":[{\"@type\":\"ReadAction\",\"target\":[\"https:\/\/www.ordinace-flora.cz\/?page_id=146\"]}]},{\"@type\":\"BreadcrumbList\",\"@id\":\"https:\/\/www.ordinace-flora.cz\/?page_id=146#breadcrumb\",\"itemListElement\":[{\"@type\":\"ListItem\",\"position\":1,\"name\":\"Dom\\u016f\",\"item\":\"https:\/\/www.ordinace-flora.cz\/\"},{\"@type\":\"ListItem\",\"position\":2,\"name\":\"O n\\u00e1s\"}]}]}<\/script>\n<!-- \/ Yoast SEO plugin. -->","yoast_head_json":{"title":"O n\u00e1s - Ordinace Flora, s.r.o.","robots":{"index":"index","follow":"follow","max-snippet":"max-snippet:-1","max-image-preview":"max-image-preview:large","max-video-preview":"max-video-preview:-1"},"canonical":"https:\/\/www.ordinace-flora.cz\/?page_id=146","og_locale":"cs_CZ","og_type":"article","og_title":"O n\u00e1s - Ordinace Flora, s.r.o.","og_description":"Ordinace Flora s.r.o. je zdravotnick\u00e9 za\u0159\u00edzen\u00ed v oboru V\u0161eobecn\u00e9 praktick\u00e9 l\u00e9ka\u0159stv\u00ed. L\u00e9ka\u0159i: MUDr. Kate\u0159ina Br\u00e1nikov\u00e1 MUDr. Petra \u0160krnov\u00e1 MUDr. Ji\u0159\u00ed \u0160alansk\u00fd MUDr. Marie Hrab\u011btov\u00e1 (z\u00e1stupy) Zdravotn\u00ed sestry: Veronika Proch\u00e1zkov\u00e1 Veronika Prok\u016fpkov\u00e1 Partnersk\u00e9 poji\u0161\u0165ovny Jsme smluvn\u00edmi partnery t\u011bchto zdravotn\u00edch poji\u0161\u0165oven: 111 \u2013 VZP 201 \u2013 VOZP 205 \u2013 \u010cPZP 207 \u2013 OZP 211 &#8211; ZPMV","og_url":"https:\/\/www.ordinace-flora.cz\/?page_id=146","og_site_name":"Ordinace Flora, s.r.o.","article_modified_time":"2021-12-29T20:03:56+00:00","twitter_card":"summary_large_image","schema":{"@context":"https:\/\/schema.org","@graph":[{"@type":"WebSite","@id":"https:\/\/www.ordinace-flora.cz\/#website","url":"https:\/\/www.ordinace-flora.cz\/","name":"Ordinace Flora, s.r.o.","description":"","potentialAction":[{"@type":"SearchAction","target":{"@type":"EntryPoint","urlTemplate":"https:\/\/www.ordinace-flora.cz\/?s={search_term_string}"},"query-input":"required name=search_term_string"}],"inLanguage":"cs"},{"@type":"WebPage","@id":"https:\/\/www.ordinace-flora.cz\/?page_id=146#webpage","url":"https:\/\/www.ordinace-flora.cz\/?page_id=146","name":"O n\u00e1s - Ordinace Flora, s.r.o.","isPartOf":{"@id":"https:\/\/www.ordinace-flora.cz\/#website"},"datePublished":"2021-12-29T19:51:13+00:00","dateModified":"2021-12-29T20:03:56+00:00","breadcrumb":{"@id":"https:\/\/www.ordinace-flora.cz\/?page_id=146#breadcrumb"},"inLanguage":"cs","potentialAction":[{"@type":"ReadAction","target":["https:\/\/www.ordinace-flora.cz\/?page_id=146"]}]},{"@type":"BreadcrumbList","@id":"https:\/\/www.ordinace-flora.cz\/?page_id=146#breadcrumb","itemListElement":[{"@type":"ListItem","position":1,"name":"Dom\u016f","item":"https:\/\/www.ordinace-flora.cz\/"},{"@type":"ListItem","position":2,"name":"O n\u00e1s"}]}]}},"_links":{"self":[{"href":"https:\/\/www.ordinace-flora.cz\/index.php?rest_route=\/wp\/v2\/pages\/146","targetHints":{"allow":["GET"]}}],"collection":[{"href":"https:\/\/www.ordinace-flora.cz\/index.php?rest_route=\/wp\/v2\/pages"}],"about":[{"href":"https:\/\/www.ordinace-flora.cz\/index.php?rest_route=\/wp\/v2\/types\/page"}],"author":[{"embeddable":true,"href":"https:\/\/www.ordinace-flora.cz\/index.php?rest_route=\/wp\/v2\/users\/1"}],"replies":[{"embeddable":true,"href":"https:\/\/www.ordinace-flora.cz\/index.php?rest_route=%2Fwp%2Fv2%2Fcomments&post=146"}],"version-history":[{"count":2,"href":"https:\/\/www.ordinace-flora.cz\/index.php?rest_route=\/wp\/v2\/pages\/146\/revisions"}],"predecessor-version":[{"id":172,"href":"https:\/\/www.ordinace-flora.cz\/index.php?rest_route=\/wp\/v2\/pages\/146\/revisions\/172"}],"wp:attachment":[{"href":"https:\/\/www.ordinace-flora.cz\/index.php?rest_route=%2Fwp%2Fv2%2Fmedia&parent=146"}],"curies":[{"name":"wp","href":"https:\/\/api.w.org\/{rel}","templated":true}]}}